{"id":845,"date":"2024-01-10T22:04:43","date_gmt":"2024-01-10T22:04:43","guid":{"rendered":"https:\/\/gesforma.es\/?page_id=845"},"modified":"2024-10-10T07:39:49","modified_gmt":"2024-10-10T07:39:49","slug":"politica-ambiental","status":"publish","type":"page","link":"https:\/\/gesforma.es\/en\/politica-ambiental\/","title":{"rendered":"Environmental policy"},"content":{"rendered":"\t\t<div data-elementor-type=\"wp-post\" data-elementor-id=\"845\" class=\"elementor elementor-845\" data-elementor-post-type=\"page\">\n\t\t\t\t<div class=\"elementor-element elementor-element-aa37009 e-flex e-con-boxed e-con e-parent\" data-id=\"aa37009\" data-element_type=\"container\" data-e-type=\"container\">\n\t\t\t\t\t<div class=\"e-con-inner\">\n\t\t\t\t<div class=\"elementor-element elementor-element-8915181 elementor-widget elementor-widget-template\" data-id=\"8915181\" data-element_type=\"widget\" data-e-type=\"widget\" data-widget_type=\"template.default\">\n\t\t\t\t<div class=\"elementor-widget-container\">\n\t\t\t\t\t\t\t<div class=\"elementor-template\">\n\t\t\t\t\t<div data-elementor-type=\"container\" data-elementor-id=\"1056\" class=\"elementor elementor-1056\" data-elementor-post-type=\"elementor_library\">\n\t\t\t\t<div class=\"elementor-element elementor-element-1a0cae3c e-flex e-con-boxed e-con e-parent\" data-id=\"1a0cae3c\" data-element_type=\"container\" data-e-type=\"container\" data-settings=\"{&quot;background_background&quot;:&quot;classic&quot;,&quot;background_motion_fx_motion_fx_scrolling&quot;:&quot;yes&quot;,&quot;background_motion_fx_translateY_effect&quot;:&quot;yes&quot;,&quot;background_motion_fx_opacity_effect&quot;:&quot;yes&quot;,&quot;background_motion_fx_opacity_level&quot;:{&quot;unit&quot;:&quot;px&quot;,&quot;size&quot;:9.6,&quot;sizes&quot;:[]},&quot;background_motion_fx_opacity_range&quot;:{&quot;unit&quot;:&quot;%&quot;,&quot;size&quot;:&quot;&quot;,&quot;sizes&quot;:{&quot;start&quot;:0,&quot;end&quot;:100}},&quot;background_motion_fx_scale_effect&quot;:&quot;yes&quot;,&quot;background_motion_fx_scale_speed&quot;:{&quot;unit&quot;:&quot;px&quot;,&quot;size&quot;:10,&quot;sizes&quot;:[]},&quot;background_motion_fx_scale_range&quot;:{&quot;unit&quot;:&quot;%&quot;,&quot;size&quot;:&quot;&quot;,&quot;sizes&quot;:{&quot;start&quot;:0,&quot;end&quot;:100}},&quot;background_motion_fx_translateY_speed&quot;:{&quot;unit&quot;:&quot;px&quot;,&quot;size&quot;:4,&quot;sizes&quot;:[]},&quot;background_motion_fx_translateY_affectedRange&quot;:{&quot;unit&quot;:&quot;%&quot;,&quot;size&quot;:&quot;&quot;,&quot;sizes&quot;:{&quot;start&quot;:0,&quot;end&quot;:100}},&quot;background_motion_fx_opacity_direction&quot;:&quot;out-in&quot;,&quot;background_motion_fx_scale_direction&quot;:&quot;out-in&quot;,&quot;background_motion_fx_devices&quot;:[&quot;widescreen&quot;,&quot;desktop&quot;,&quot;laptop&quot;,&quot;tablet&quot;,&quot;mobile&quot;]}\">\n\t\t\t\t\t<div class=\"e-con-inner\">\n\t\t\t\t<div class=\"elementor-element elementor-element-212bcc1b animated-slow elementor-invisible elementor-widget elementor-widget-heading\" data-id=\"212bcc1b\" data-element_type=\"widget\" data-e-type=\"widget\" data-settings=\"{&quot;_animation&quot;:&quot;fadeInUp&quot;}\" data-widget_type=\"heading.default\">\n\t\t\t\t<div class=\"elementor-widget-container\">\n\t\t\t\t\t<h1 class=\"elementor-heading-title elementor-size-large\">Pol\u00edtica ambiental<\/h1>\t\t\t\t<\/div>\n\t\t\t\t<\/div>\n\t\t\t\t\t<\/div>\n\t\t\t\t<\/div>\n\t\t\t\t<\/div>\n\t\t\t\t<\/div>\n\t\t\t\t\t\t<\/div>\n\t\t\t\t<\/div>\n\t\t\t\t\t<\/div>\n\t\t\t\t<\/div>\n\t\t<div class=\"elementor-element elementor-element-b4ca8d1 e-flex e-con-boxed e-con e-parent\" data-id=\"b4ca8d1\" data-element_type=\"container\" data-e-type=\"container\" data-settings=\"{&quot;background_background&quot;:&quot;classic&quot;}\">\n\t\t\t\t\t<div class=\"e-con-inner\">\n\t\t\t\t<div class=\"elementor-element elementor-element-3c09a37 elementor-widget elementor-widget-text-editor\" data-id=\"3c09a37\" data-element_type=\"widget\" data-e-type=\"widget\" data-widget_type=\"text-editor.default\">\n\t\t\t\t<div class=\"elementor-widget-container\">\n\t\t\t\t\t\t\t\t\t<p>GESFORMA, S.L. dentro de su compromiso con el medio ambiente, establece la presente pol\u00edtica ambiental, cuyo objetivo es prevenir la contaminaci\u00f3n y enfocar su actividad desde un punto de vista ambiental, sostenible y eficiente.<\/p><p>La presente pol\u00edtica tiene como prioridad el cumplimiento de los siguientes compromisos:<\/p><ul><li>Compromiso por la conservaci\u00f3n ambiental, llevando a cabo una gesti\u00f3n adecuada para garantizar la protecci\u00f3n del medio ambiente y la prevenci\u00f3n de la contaminaci\u00f3n.<\/li><li>Establece un programa de formaci\u00f3n continua para asegurar la protecci\u00f3n del medio ambiente dentro del \u00e1mbito de su actividad.<\/li><li>GESFORMA, S.L. se compromete a gestionar y mejorar sus actividades y servicios a trav\u00e9s del an\u00e1lisis y mejora, Incluyendo en su pol\u00edtica las nuevas exigencias medio ambientales.<\/li><li>GESFORMA, S.L. se compromete a mantener una pol\u00edtica respetuosa con el medio ambiente, reduciendo el impacto ambiental de sus actividades y servicios mediante la reducci\u00f3n de la producci\u00f3n de residuos y la contaminaci\u00f3n, sensibilizando al personal y poniendo a disposici\u00f3n del mismo los medios necesarios para poder acometerla.<\/li><li>GESFORMA, S.L. se compromete a revisar anualmente los objetivos de medio ambiente en funci\u00f3n de los resultados obtenidos en los a\u00f1os anteriores, proporcionando un marco de referencia para el establecimiento de los mismos.<\/li><li>El cumplimiento de los requisitos legales y otros requisitos aplicables.<\/li><li>GESFORMA, S.L. se compromete con la mejora continua del sistema de gesti\u00f3n ambiental para la mejora del desempe\u00f1o ambiental.<\/li><\/ul><p><br \/>Para ello, GESFORMA, S.L. se compromete adem\u00e1s a aportar los recursos necesarios tanto materiales como personales, as\u00ed como tambi\u00e9n en el fomento de las buenas pr\u00e1cticas ambientales mediante proyectos sostenibles y una visi\u00f3n enfocada en la econom\u00eda circular.<\/p><p>Para que as\u00ed conste, la direcci\u00f3n aprueba la presente pol\u00edtica de medio ambiente a 10 de julio del 2023.<\/p>\t\t\t\t\t\t\t\t<\/div>\n\t\t\t\t<\/div>\n\t\t\t\t<div class=\"elementor-element elementor-element-5bd9bce elementor-align-left elementor-widget-laptop__width-initial elementor-widget__width-inherit elementor-widget elementor-widget-button\" data-id=\"5bd9bce\" data-element_type=\"widget\" data-e-type=\"widget\" data-widget_type=\"button.default\">\n\t\t\t\t<div class=\"elementor-widget-container\">\n\t\t\t\t\t\t\t\t\t<div class=\"elementor-button-wrapper\">\n\t\t\t\t\t<a class=\"elementor-button elementor-button-link elementor-size-sm elementor-animation-grow\" href=\"https:\/\/wearepleh.com\/wp-content\/uploads\/sites\/33\/2024\/01\/Politica-Ambiental-Gesforma.pdf\" target=\"_blank\" rel=\"noopener\">\n\t\t\t\t\t\t<span class=\"elementor-button-content-wrapper\">\n\t\t\t\t\t\t<span class=\"elementor-button-icon\">\n\t\t\t\t<svg aria-hidden=\"true\" class=\"e-font-icon-svg e-far-file-pdf\" viewBox=\"0 0 384 512\" xmlns=\"http:\/\/www.w3.org\/2000\/svg\"><path d=\"M369.9 97.9L286 14C277 5 264.8-.1 252.1-.1H48C21.5 0 0 21.5 0 48v416c0 26.5 21.5 48 48 48h288c26.5 0 48-21.5 48-48V131.9c0-12.7-5.1-25-14.1-34zM332.1 128H256V51.9l76.1 76.1zM48 464V48h160v104c0 13.3 10.7 24 24 24h104v288H48zm250.2-143.7c-12.2-12-47-8.7-64.4-6.5-17.2-10.5-28.7-25-36.8-46.3 3.9-16.1 10.1-40.6 5.4-56-4.2-26.2-37.8-23.6-42.6-5.9-4.4 16.1-.4 38.5 7 67.1-10 23.9-24.9 56-35.4 74.4-20 10.3-47 26.2-51 46.2-3.3 15.8 26 55.2 76.1-31.2 22.4-7.4 46.8-16.5 68.4-20.1 18.9 10.2 41 17 55.8 17 25.5 0 28-28.2 17.5-38.7zm-198.1 77.8c5.1-13.7 24.5-29.5 30.4-35-19 30.3-30.4 35.7-30.4 35zm81.6-190.6c7.4 0 6.7 32.1 1.8 40.8-4.4-13.9-4.3-40.8-1.8-40.8zm-24.4 136.6c9.7-16.9 18-37 24.7-54.7 8.3 15.1 18.9 27.2 30.1 35.5-20.8 4.3-38.9 13.1-54.8 19.2zm131.6-5s-5 6-37.3-7.8c35.1-2.6 40.9 5.4 37.3 7.8z\"><\/path><\/svg>\t\t\t<\/span>\n\t\t\t\t\t\t\t\t\t<span class=\"elementor-button-text\">VER DOCUMENTO<\/span>\n\t\t\t\t\t<\/span>\n\t\t\t\t\t<\/a>\n\t\t\t\t<\/div>\n\t\t\t\t\t\t\t\t<\/div>\n\t\t\t\t<\/div>\n\t\t\t\t\t<\/div>\n\t\t\t\t<\/div>\n\t\t<div class=\"elementor-element elementor-element-44905bb e-flex e-con-boxed e-con e-parent\" data-id=\"44905bb\" data-element_type=\"container\" data-e-type=\"container\" data-settings=\"{&quot;background_background&quot;:&quot;classic&quot;}\">\n\t\t\t\t\t<div class=\"e-con-inner\">\n\t\t<div class=\"elementor-element elementor-element-4c961ce e-con-full e-flex e-con e-child\" data-id=\"4c961ce\" data-element_type=\"container\" data-e-type=\"container\">\n\t\t<div class=\"elementor-element elementor-element-2cbd495 e-con-full e-flex elementor-invisible e-con e-child\" data-id=\"2cbd495\" data-element_type=\"container\" data-e-type=\"container\" data-settings=\"{&quot;background_background&quot;:&quot;classic&quot;,&quot;animation&quot;:&quot;fadeInLeft&quot;}\">\n\t\t\t\t<\/div>\n\t\t\t\t<div class=\"elementor-element elementor-element-a882add animated-slow elementor-invisible elementor-widget elementor-widget-image\" data-id=\"a882add\" data-element_type=\"widget\" data-e-type=\"widget\" data-settings=\"{&quot;_animation&quot;:&quot;fadeInLeft&quot;,&quot;_animation_delay&quot;:250,&quot;motion_fx_motion_fx_scrolling&quot;:&quot;yes&quot;,&quot;motion_fx_translateX_effect&quot;:&quot;yes&quot;,&quot;motion_fx_translateX_speed&quot;:{&quot;unit&quot;:&quot;px&quot;,&quot;size&quot;:1,&quot;sizes&quot;:[]},&quot;motion_fx_translateX_affectedRange&quot;:{&quot;unit&quot;:&quot;%&quot;,&quot;size&quot;:&quot;&quot;,&quot;sizes&quot;:{&quot;start&quot;:0,&quot;end&quot;:100}},&quot;motion_fx_devices&quot;:[&quot;widescreen&quot;,&quot;desktop&quot;,&quot;laptop&quot;,&quot;tablet&quot;,&quot;mobile&quot;]}\" data-widget_type=\"image.default\">\n\t\t\t\t<div class=\"elementor-widget-container\">\n\t\t\t\t\t\t\t\t\t\t\t\t\t\t\t<img fetchpriority=\"high\" decoding=\"async\" width=\"542\" height=\"600\" src=\"https:\/\/gesforma.es\/wp-content\/uploads\/sites\/33\/2024\/05\/logo_ISO14001-gesforma-carlosmasa-wearepleh.webp\" class=\"attachment-full size-full wp-image-1279\" alt=\"-\" srcset=\"https:\/\/gesforma.es\/wp-content\/uploads\/sites\/33\/2024\/05\/logo_ISO14001-gesforma-carlosmasa-wearepleh.webp 542w, https:\/\/gesforma.es\/wp-content\/uploads\/sites\/33\/2024\/05\/logo_ISO14001-gesforma-carlosmasa-wearepleh-271x300.webp 271w\" sizes=\"(max-width: 542px) 100vw, 542px\" title=\"-\">\t\t\t\t\t\t\t\t\t\t\t\t\t\t\t<\/div>\n\t\t\t\t<\/div>\n\t\t\t\t<\/div>\n\t\t<div class=\"elementor-element elementor-element-140b29d e-con-full e-flex e-con e-child\" data-id=\"140b29d\" data-element_type=\"container\" data-e-type=\"container\">\n\t\t\t\t<div class=\"elementor-element elementor-element-838cdfe elementor-invisible elementor-widget elementor-widget-heading\" data-id=\"838cdfe\" data-element_type=\"widget\" data-e-type=\"widget\" data-settings=\"{&quot;_animation&quot;:&quot;fadeInRight&quot;}\" data-widget_type=\"heading.default\">\n\t\t\t\t<div class=\"elementor-widget-container\">\n\t\t\t\t\t<h3 class=\"elementor-heading-title elementor-size-default\">\u00bfQu\u00e9 es la norma ISO 14001?<\/h3>\t\t\t\t<\/div>\n\t\t\t\t<\/div>\n\t\t\t\t<div class=\"elementor-element elementor-element-59e60f9 elementor-invisible elementor-widget elementor-widget-heading\" data-id=\"59e60f9\" data-element_type=\"widget\" data-e-type=\"widget\" data-settings=\"{&quot;_animation&quot;:&quot;fadeInRight&quot;,&quot;_animation_delay&quot;:100}\" data-widget_type=\"heading.default\">\n\t\t\t\t<div class=\"elementor-widget-container\">\n\t\t\t\t\t<h3 class=\"elementor-heading-title elementor-size-default\">La norma ISO 14001 es un est\u00e1ndar internacional voluntario que proporciona a las organizaciones un marco para establecer, implementar, mantener y mejorar continuamente un SGA. Su objetivo principal es ayudar a las empresas a minimizar su impacto ambiental, cumplir con la legislaci\u00f3n ambiental aplicable y mejorar su desempe\u00f1o ambiental.<\/h3>\t\t\t\t<\/div>\n\t\t\t\t<\/div>\n\t\t\t\t<div class=\"elementor-element elementor-element-da3d2f8 elementor-invisible elementor-widget elementor-widget-text-editor\" data-id=\"da3d2f8\" data-element_type=\"widget\" data-e-type=\"widget\" data-settings=\"{&quot;_animation&quot;:&quot;fadeInRight&quot;,&quot;_animation_delay&quot;:200}\" data-widget_type=\"text-editor.default\">\n\t\t\t\t<div class=\"elementor-widget-container\">\n\t\t\t\t\t\t\t\t\t<p><strong>\u00bfCu\u00e1les son los beneficios de implementar la norma ISO 14001?<\/strong><\/p><p>La implementaci\u00f3n de la norma ISO 14001 ofrece diversos beneficios a las organizaciones, entre los que se destacan:<\/p><ul><li><strong>Reducci\u00f3n del impacto ambiental:<\/strong> La norma ISO 14001 ayuda a las empresas a identificar y gestionar sus impactos ambientales, lo que puede conducir a una reducci\u00f3n en el consumo de energ\u00eda, la generaci\u00f3n de residuos y la contaminaci\u00f3n.<\/li><li><strong>Mejora del desempe\u00f1o ambiental:<\/strong> La norma ISO 14001 promueve la mejora continua del desempe\u00f1o ambiental de las organizaciones, lo que puede traducirse en una mayor eficiencia en el uso de recursos y una reducci\u00f3n de costos.<\/li><li><strong>Cumplimiento de la legislaci\u00f3n ambiental:<\/strong> La norma ISO 14001 ayuda a las empresas a cumplir con la legislaci\u00f3n ambiental aplicable, lo que puede reducir el riesgo de multas y sanciones legales.<\/li><li><strong>Mejora de la imagen corporativa:<\/strong> La certificaci\u00f3n ISO 14001 puede mejorar la imagen corporativa de las empresas, haci\u00e9ndolas m\u00e1s atractivas para clientes, inversores y socios comerciales que valoran la sostenibilidad ambiental.<\/li><li><strong>Mayor confianza de los stakeholders:<\/strong> La implementaci\u00f3n de la norma ISO 14001 demuestra el compromiso de las empresas con la responsabilidad ambiental, lo que puede generar mayor confianza entre sus stakeholders, como empleados, clientes, proveedores y la comunidad en general.<\/li><\/ul>\t\t\t\t\t\t\t\t<\/div>\n\t\t\t\t<\/div>\n\t\t\t\t<\/div>\n\t\t\t\t\t<\/div>\n\t\t\t\t<\/div>\n\t\t<div class=\"elementor-element elementor-element-d0586c1 e-flex e-con-boxed e-con e-parent\" data-id=\"d0586c1\" data-element_type=\"container\" data-e-type=\"container\" data-settings=\"{&quot;background_background&quot;:&quot;classic&quot;}\">\n\t\t\t\t\t<div class=\"e-con-inner\">\n\t\t<div class=\"elementor-element elementor-element-e894249 e-con-full e-flex e-con e-child\" data-id=\"e894249\" data-element_type=\"container\" data-e-type=\"container\">\n\t\t\t\t<div class=\"elementor-element elementor-element-ec04b0f elementor-invisible elementor-widget elementor-widget-heading\" data-id=\"ec04b0f\" data-element_type=\"widget\" data-e-type=\"widget\" data-settings=\"{&quot;_animation&quot;:&quot;fadeInRight&quot;}\" data-widget_type=\"heading.default\">\n\t\t\t\t<div class=\"elementor-widget-container\">\n\t\t\t\t\t<h3 class=\"elementor-heading-title elementor-size-default\">\u00bfQu\u00e9 es la huella de carbono?<\/h3>\t\t\t\t<\/div>\n\t\t\t\t<\/div>\n\t\t\t\t<div class=\"elementor-element elementor-element-861f2a5 elementor-invisible elementor-widget elementor-widget-heading\" data-id=\"861f2a5\" data-element_type=\"widget\" data-e-type=\"widget\" data-settings=\"{&quot;_animation&quot;:&quot;fadeInRight&quot;,&quot;_animation_delay&quot;:100}\" data-widget_type=\"heading.default\">\n\t\t\t\t<div class=\"elementor-widget-container\">\n\t\t\t\t\t<h3 class=\"elementor-heading-title elementor-size-default\">Gesforma esta inscrita en el Registro de huella de carbono, compensaci\u00f3n y proyectos de absorci\u00f3n de CO2 del ministerio para la Transici\u00f3n Ecol\u00f3gica y 2 el Reto Demogr\u00e1fico.\n<br>La huella de carbono en la construcci\u00f3n se refiere a la totalidad de gases de efecto invernadero que se emiten durante todo el ciclo de vida de un proyecto, desde la extracci\u00f3n de materias primas hasta la demolici\u00f3n del edificio. Estos gases, principalmente di\u00f3xido de carbono (CO2), contribuyen al calentamiento global y al cambio clim\u00e1tico.<\/h3>\t\t\t\t<\/div>\n\t\t\t\t<\/div>\n\t\t\t\t<div class=\"elementor-element elementor-element-e0ee4b6 elementor-invisible elementor-widget elementor-widget-text-editor\" data-id=\"e0ee4b6\" data-element_type=\"widget\" data-e-type=\"widget\" data-settings=\"{&quot;_animation&quot;:&quot;fadeInRight&quot;,&quot;_animation_delay&quot;:200}\" data-widget_type=\"text-editor.default\">\n\t\t\t\t<div class=\"elementor-widget-container\">\n\t\t\t\t\t\t\t\t\t<p><strong>\u00bfC\u00f3mo calculamos nuestra huella de carbono?<\/strong><\/p><p>En Gesforma, seguimos un riguroso proceso para calcular la huella de carbono de cada proyecto. Para ello, consideramos diversos factores, como:<\/p><ul><li><strong>Materiales utilizados:<\/strong> La elecci\u00f3n de materiales sostenibles y de bajo impacto ambiental es fundamental para reducir nuestra huella de carbono.<\/li><li><strong>Consumo energ\u00e9tico:<\/strong> Optimizamos el consumo de energ\u00eda durante las fases de construcci\u00f3n y reforma, utilizando maquinaria eficiente y aplicando medidas de ahorro energ\u00e9tico.<\/li><li><strong>Gesti\u00f3n de residuos:<\/strong> Implementamos pr\u00e1cticas de reciclaje y valorizaci\u00f3n de residuos para minimizar la cantidad de materiales que van a parar a vertederos.<\/li><li><strong>Transporte:<\/strong> Planificamos la log\u00edstica de transporte de materiales de manera eficiente para reducir las emisiones de CO2 asociadas.<\/li><\/ul>\t\t\t\t\t\t\t\t<\/div>\n\t\t\t\t<\/div>\n\t\t\t\t<\/div>\n\t\t<div class=\"elementor-element elementor-element-83df834 e-con-full e-flex e-con e-child\" data-id=\"83df834\" data-element_type=\"container\" data-e-type=\"container\">\n\t\t\t\t<div class=\"elementor-element elementor-element-e62b81d animated-slow elementor-widget__width-initial elementor-invisible elementor-widget elementor-widget-image\" data-id=\"e62b81d\" data-element_type=\"widget\" data-e-type=\"widget\" data-settings=\"{&quot;_animation&quot;:&quot;fadeInLeft&quot;,&quot;_animation_delay&quot;:250,&quot;motion_fx_motion_fx_scrolling&quot;:&quot;yes&quot;,&quot;motion_fx_translateX_effect&quot;:&quot;yes&quot;,&quot;motion_fx_translateX_speed&quot;:{&quot;unit&quot;:&quot;px&quot;,&quot;size&quot;:1,&quot;sizes&quot;:[]},&quot;motion_fx_translateX_affectedRange&quot;:{&quot;unit&quot;:&quot;%&quot;,&quot;size&quot;:&quot;&quot;,&quot;sizes&quot;:{&quot;start&quot;:0,&quot;end&quot;:100}},&quot;motion_fx_devices&quot;:[&quot;widescreen&quot;,&quot;desktop&quot;,&quot;laptop&quot;,&quot;tablet&quot;,&quot;mobile&quot;]}\" data-widget_type=\"image.default\">\n\t\t\t\t<div class=\"elementor-widget-container\">\n\t\t\t\t\t\t\t\t\t\t\t\t\t\t\t<img decoding=\"async\" width=\"564\" height=\"800\" src=\"https:\/\/gesforma.es\/wp-content\/uploads\/sites\/33\/2024\/05\/logo-2_registro_control_huella_de_carbono-gesforma-carlosmasa-wearepleh.webp\" class=\"attachment-full size-full wp-image-1281\" alt=\"-\" srcset=\"https:\/\/gesforma.es\/wp-content\/uploads\/sites\/33\/2024\/05\/logo-2_registro_control_huella_de_carbono-gesforma-carlosmasa-wearepleh.webp 564w, https:\/\/gesforma.es\/wp-content\/uploads\/sites\/33\/2024\/05\/logo-2_registro_control_huella_de_carbono-gesforma-carlosmasa-wearepleh-212x300.webp 212w\" sizes=\"(max-width: 564px) 100vw, 564px\" title=\"-\">\t\t\t\t\t\t\t\t\t\t\t\t\t\t\t<\/div>\n\t\t\t\t<\/div>\n\t\t<div class=\"elementor-element elementor-element-840c069 e-con-full e-flex elementor-invisible e-con e-child\" data-id=\"840c069\" data-element_type=\"container\" data-e-type=\"container\" data-settings=\"{&quot;background_background&quot;:&quot;classic&quot;,&quot;animation&quot;:&quot;fadeInLeft&quot;}\">\n\t\t\t\t<\/div>\n\t\t\t\t<\/div>\n\t\t\t\t\t<\/div>\n\t\t\t\t<\/div>\n\t\t\t\t<\/div>\n\t\t","protected":false},"excerpt":{"rendered":"<p>GESFORMA, S.L. dentro de su compromiso con el medio ambiente, establece la presente pol\u00edtica ambiental, cuyo objetivo es prevenir la contaminaci\u00f3n y enfocar su actividad desde un punto de vista ambiental, sostenible y eficiente. La presente pol\u00edtica tiene como prioridad el cumplimiento de los siguientes compromisos: Compromiso por la conservaci\u00f3n ambiental, llevando a cabo una [&hellip;]<\/p>\n","protected":false},"author":12,"featured_media":861,"parent":0,"menu_order":0,"comment_status":"closed","ping_status":"closed","template":"","meta":{"footnotes":""},"class_list":["post-845","page","type-page","status-publish","has-post-thumbnail","hentry"],"_links":{"self":[{"href":"https:\/\/gesforma.es\/en\/wp-json\/wp\/v2\/pages\/845","targetHints":{"allow":["GET"]}}],"collection":[{"href":"https:\/\/gesforma.es\/en\/wp-json\/wp\/v2\/pages"}],"about":[{"href":"https:\/\/gesforma.es\/en\/wp-json\/wp\/v2\/types\/page"}],"author":[{"embeddable":true,"href":"https:\/\/gesforma.es\/en\/wp-json\/wp\/v2\/users\/12"}],"replies":[{"embeddable":true,"href":"https:\/\/gesforma.es\/en\/wp-json\/wp\/v2\/comments?post=845"}],"version-history":[{"count":0,"href":"https:\/\/gesforma.es\/en\/wp-json\/wp\/v2\/pages\/845\/revisions"}],"wp:featuredmedia":[{"embeddable":true,"href":"https:\/\/gesforma.es\/en\/wp-json\/wp\/v2\/media\/861"}],"wp:attachment":[{"href":"https:\/\/gesforma.es\/en\/wp-json\/wp\/v2\/media?parent=845"}],"curies":[{"name":"wp","href":"https:\/\/api.w.org\/{rel}","templated":true}]}}